{"id":85,"date":"2018-12-04T16:47:47","date_gmt":"2018-12-04T16:47:47","guid":{"rendered":"http:\/\/pzv-web.de\/?page_id=85"},"modified":"2024-01-12T14:01:02","modified_gmt":"2024-01-12T14:01:02","slug":"home","status":"publish","type":"page","link":"https:\/\/pzv-web.de\/","title":{"rendered":"Home"},"content":{"rendered":"<p>Willkommen auf unserer Internetseite des PARTY ZELT VERLEIH in Brieselang.<\/p>\n<p>Bei uns bekommen Sie das passende Partyzubeh\u00f6r f\u00fcr Ihre n\u00e4chste Feier.<\/p>\n<p><img loading=\"lazy\" decoding=\"async\" class=\"alignnone wp-image-21 size-medium\" src=\"http:\/\/pzv-web.de\/wp-content\/uploads\/2018\/11\/20140607_112233-300x225.jpg\" alt=\"\" width=\"300\" height=\"225\" srcset=\"https:\/\/pzv-web.de\/wp-content\/uploads\/2018\/11\/20140607_112233-300x225.jpg 300w, https:\/\/pzv-web.de\/wp-content\/uploads\/2018\/11\/20140607_112233-768x576.jpg 768w, https:\/\/pzv-web.de\/wp-content\/uploads\/2018\/11\/20140607_112233-1024x768.jpg 1024w\" sizes=\"(max-width: 300px) 100vw, 300px\" \/><\/p>\n<p>Sie erreichen uns unter 0177 2156320 oder per<br \/>\nE-mail \u00fcber unser Kontaktformular.<\/p>\n<p>Wir bieten Ihnen verschiedene Gr\u00f6\u00dfen von Partyzelten,\u00a0 Bierzeltgarnituren, Stehtische und sonstige Festausstattung.<\/p>\n<p>Folgende Zeltgr\u00f6\u00dfen stehen zur Auswahl: 4 x 4m, 4 x 6m, 4 x 8m, 4 x 10m und 5 x 10m ( weiss, stabile Ausf\u00fchrung, zum Aufbau auf Rasen!)<\/p>\n<p>F\u00fcr folgende Feiern sind wir Ihr richtiger Ansprechpartner: Jugendweihen und Einschulungen, Richtfeste und Polterabende, Geburtstags \u2013 und Gartenpartys, sowie kleine Firmenfeiern, Sommerfeste und Jubil\u00e4en.<\/p>\n<p>Besonders zu empfehlen sind unsere Setangebote ( Zelte mit Bestuhlung und Zubeh\u00f6r ) bei denen wir Ihnen bei Selbstabholung und Selbstaufbau einen besonderen Preisvorteil gew\u00e4hren k\u00f6nnen.<\/p>\n<p>Eine Anlieferung mit und ohne Aufbau ist nat\u00fcrlich gegen Aufpreis auch m\u00f6glich.<\/p>\n<p>F\u00fcr Ihre n\u00e4chste Party einfach \u00fcber das Kontaktformular ein unverbindliches Angebot anfordern, welches wir schnellstm\u00f6glich f\u00fcr Sie bearbeiten.<\/p>\n","protected":false},"excerpt":{"rendered":"<p>Willkommen auf unserer Internetseite des PARTY ZELT VERLEIH in Brieselang. Bei uns bekommen Sie das passende Partyzubeh\u00f6r f\u00fcr Ihre n\u00e4chste Feier. Sie erreichen uns unter 0177 2156320 oder per E-mail \u00fcber unser Kontaktformular. Wir bieten Ihnen verschiedene Gr\u00f6\u00dfen von Partyzelten,\u00a0 Bierzeltgarnituren, Stehtische und sonstige Festausstattung. Folgende Zeltgr\u00f6\u00dfen stehen zur Auswahl: 4 x 4m, 4 x &hellip; <\/p>\n<p class=\"link-more\"><a href=\"https:\/\/pzv-web.de\/\" class=\"more-link\"><span class=\"screen-reader-text\">&#8222;Home&#8220;<\/span> weiterlesen<\/a><\/p>\n","protected":false},"author":1,"featured_media":0,"parent":0,"menu_order":0,"comment_status":"closed","ping_status":"closed","template":"","meta":{"footnotes":""},"_links":{"self":[{"href":"https:\/\/pzv-web.de\/index.php?rest_route=\/wp\/v2\/pages\/85"}],"collection":[{"href":"https:\/\/pzv-web.de\/index.php?rest_route=\/wp\/v2\/pages"}],"about":[{"href":"https:\/\/pzv-web.de\/index.php?rest_route=\/wp\/v2\/types\/page"}],"author":[{"embeddable":true,"href":"https:\/\/pzv-web.de\/index.php?rest_route=\/wp\/v2\/users\/1"}],"replies":[{"embeddable":true,"href":"https:\/\/pzv-web.de\/index.php?rest_route=%2Fwp%2Fv2%2Fcomments&post=85"}],"version-history":[{"count":5,"href":"https:\/\/pzv-web.de\/index.php?rest_route=\/wp\/v2\/pages\/85\/revisions"}],"predecessor-version":[{"id":161,"href":"https:\/\/pzv-web.de\/index.php?rest_route=\/wp\/v2\/pages\/85\/revisions\/161"}],"wp:attachment":[{"href":"https:\/\/pzv-web.de\/index.php?rest_route=%2Fwp%2Fv2%2Fmedia&parent=85"}],"curies":[{"name":"wp","href":"https:\/\/api.w.org\/{rel}","templated":true}]}}