{"id":37,"date":"2018-11-28T18:01:37","date_gmt":"2018-11-28T18:01:37","guid":{"rendered":"http:\/\/pzv-web.de\/?page_id=37"},"modified":"2024-01-12T14:18:24","modified_gmt":"2024-01-12T14:18:24","slug":"mietpreisbeispiel","status":"publish","type":"page","link":"https:\/\/pzv-web.de\/?page_id=37","title":{"rendered":"Mietpreisbeispiel"},"content":{"rendered":"<p><img loading=\"lazy\" decoding=\"async\" class=\"alignnone size-medium wp-image-38\" src=\"http:\/\/pzv-web.de\/wp-content\/uploads\/2018\/11\/20150611_135145-300x169.jpg\" alt=\"\" width=\"300\" height=\"169\" srcset=\"https:\/\/pzv-web.de\/wp-content\/uploads\/2018\/11\/20150611_135145-300x169.jpg 300w, https:\/\/pzv-web.de\/wp-content\/uploads\/2018\/11\/20150611_135145-768x432.jpg 768w, https:\/\/pzv-web.de\/wp-content\/uploads\/2018\/11\/20150611_135145-1024x576.jpg 1024w\" sizes=\"(max-width: 300px) 100vw, 300px\" \/><img loading=\"lazy\" decoding=\"async\" class=\"alignnone size-medium wp-image-21\" src=\"http:\/\/pzv-web.de\/wp-content\/uploads\/2018\/11\/20140607_112233-300x225.jpg\" alt=\"\" width=\"300\" height=\"225\" srcset=\"https:\/\/pzv-web.de\/wp-content\/uploads\/2018\/11\/20140607_112233-300x225.jpg 300w, https:\/\/pzv-web.de\/wp-content\/uploads\/2018\/11\/20140607_112233-768x576.jpg 768w, https:\/\/pzv-web.de\/wp-content\/uploads\/2018\/11\/20140607_112233-1024x768.jpg 1024w\" sizes=\"(max-width: 300px) 100vw, 300px\" \/><img loading=\"lazy\" decoding=\"async\" class=\"alignnone size-medium wp-image-23\" src=\"http:\/\/pzv-web.de\/wp-content\/uploads\/2018\/11\/20150503_125143-300x169.jpg\" alt=\"\" width=\"300\" height=\"169\" srcset=\"https:\/\/pzv-web.de\/wp-content\/uploads\/2018\/11\/20150503_125143-300x169.jpg 300w, https:\/\/pzv-web.de\/wp-content\/uploads\/2018\/11\/20150503_125143-768x432.jpg 768w, https:\/\/pzv-web.de\/wp-content\/uploads\/2018\/11\/20150503_125143-1024x576.jpg 1024w\" sizes=\"(max-width: 300px) 100vw, 300px\" \/><\/p>\n<p><strong>Angebot Fr\u00fchjahr 2024<\/strong><\/p>\n<p>Mietpreisbeispiel\u00a0 =\u00a0 Setangebot f\u00fcr ca. 25 &#8211; 35 Personen (\u00a0 Partyzelt 32qm + 3 St\u00fcck\u00a0 Bierzeltgarnituren 220cm x 50cm\u00a0 + 1 Stehtisch oder 1 B\u00fcffettisch ) bei Selbstabholung, Mietdauer bis zu 4 Tage ( z.B. Donnerstag 17.00 Uhr bis Montag 17.00 Uhr ) = Endpreis 149,00 \u20ac.<\/p>\n<p>Mietdauer 4 Tage damit Sie als Mieter bei Selbstabholung gen\u00fcgend Zeit zum Vor- und Nachbereiten haben. Eine gew\u00fcnschte k\u00fcrzere Mietdauer verringert somit nicht den Endpreis!<\/p>\n<p>Eine Anlieferung und Abholung kann nach genauer Pr\u00fcfung der Kapazit\u00e4ten gegen Aufpreis hinzugebucht werden!<\/p>\n<p><strong>Preisliste<\/strong><\/p>\n<p>Die aktuelle Preisliste f\u00fcr nachfolgende Mietartikel k\u00f6nnen Sie gerne als Einzelpositionen, als Setangebot oder in Kombination individuell als Angebot per E-Mail bei uns angefordern.<\/p>\n<p>Angebot unter Tel.: 0177 2156320 oder <strong>E-Mail:\u00a0 Bitte \u00fcber unser Kontaktformular!<\/strong><\/p>\n<p>Preise f\u00fcr folgende Einzelpositionen*<\/p>\n<p>&#8211; Partyzelte in verschiedenen Gr\u00f6\u00dfen, Preis auf Anfrage<br \/>\n&#8211; Bierbankauflage rot\/weiss kariert je 3,00 \u20ac<br \/>\n&#8211; Terrassenstrahler ohne Gasflasche 28,00 \u20ac<br \/>\n&#8211; Gasflasche 11 kg 28,00 \u20ac<br \/>\n&#8211; Stehtisch weiss 70 cm je 10,00 \u20ac<br \/>\n&#8211; Stapelstuhl Kunststoff (blau)** je 3,50 \u20ac<br \/>\n&#8211; Auflage Stapelstuhl je 2,50 \u20ac<br \/>\n&#8211; Sitzkissen Stapelstuhl je 1,50 \u20ac<br \/>\n&#8211; Zeltbeleuchtung bunt je 10,00 \u20ac<br \/>\n&#8211; Bierzeltgarnitur 50 cm je 10,00 \u20ac<br \/>\n&#8211; Buffettische (220cm x 70cm) je 10,00 \u20ac<br \/>\n&#8211; Bierzeltgarnitur (70 cm x 220cm) je 13,50 \u20ac<br \/>\n&#8211; Bierzeltgarnitur mit Lehne (50 cm x 220cm ** ) je 20,00 \u20ac<br \/>\n&#8211; Hussen Stehtisch weiss\/beige\u00a0 je\u00a0 10,00 \u20ac ***<\/p>\n<p>&#8211; Hussen Bierzeltgarnitur (50cm x 220cm, 3 teilig, Stretch, beige )\u00a0 je 16,90 \u20ac ***<\/p>\n<p>&#8211; Gewichte f\u00fcr Terrassenaufbau ohne Bohrung\u00a0 je 3,00 \u20ac<\/p>\n<ul>\n<li>Lieferung gegen Aufpreis!<\/li>\n<li>Auf und Abbau, nach Pr\u00fcfung der Verf\u00fcgbarkeiten, dann auf Anfrage gegen Aufpreis!<\/li>\n<\/ul>\n<p>** Begrenzte Anzahl, nur bei kleineren Feiern verf\u00fcgbar!<\/p>\n<p>*** inklusive Reinigung<\/p>\n<p>Der Party Zelt Verleih in Brieselang wird als Kleinunternehmen nach \u00a7 19 Umsatzsteuergesetz gef\u00fchrt.<\/p>\n<p>aktualisiert am 12.01.2024<\/p>\n","protected":false},"excerpt":{"rendered":"<p>Angebot Fr\u00fchjahr 2024 Mietpreisbeispiel\u00a0 =\u00a0 Setangebot f\u00fcr ca. 25 &#8211; 35 Personen (\u00a0 Partyzelt 32qm + 3 St\u00fcck\u00a0 Bierzeltgarnituren 220cm x 50cm\u00a0 + 1 Stehtisch oder 1 B\u00fcffettisch ) bei Selbstabholung, Mietdauer bis zu 4 Tage ( z.B. Donnerstag 17.00 Uhr bis Montag 17.00 Uhr ) = Endpreis 149,00 \u20ac. Mietdauer 4 Tage damit Sie &hellip; <\/p>\n<p class=\"link-more\"><a href=\"https:\/\/pzv-web.de\/?page_id=37\" class=\"more-link\"><span class=\"screen-reader-text\">&#8222;Mietpreisbeispiel&#8220;<\/span> weiterlesen<\/a><\/p>\n","protected":false},"author":1,"featured_media":0,"parent":0,"menu_order":0,"comment_status":"closed","ping_status":"closed","template":"","meta":{"footnotes":""},"_links":{"self":[{"href":"https:\/\/pzv-web.de\/index.php?rest_route=\/wp\/v2\/pages\/37"}],"collection":[{"href":"https:\/\/pzv-web.de\/index.php?rest_route=\/wp\/v2\/pages"}],"about":[{"href":"https:\/\/pzv-web.de\/index.php?rest_route=\/wp\/v2\/types\/page"}],"author":[{"embeddable":true,"href":"https:\/\/pzv-web.de\/index.php?rest_route=\/wp\/v2\/users\/1"}],"replies":[{"embeddable":true,"href":"https:\/\/pzv-web.de\/index.php?rest_route=%2Fwp%2Fv2%2Fcomments&post=37"}],"version-history":[{"count":15,"href":"https:\/\/pzv-web.de\/index.php?rest_route=\/wp\/v2\/pages\/37\/revisions"}],"predecessor-version":[{"id":165,"href":"https:\/\/pzv-web.de\/index.php?rest_route=\/wp\/v2\/pages\/37\/revisions\/165"}],"wp:attachment":[{"href":"https:\/\/pzv-web.de\/index.php?rest_route=%2Fwp%2Fv2%2Fmedia&parent=37"}],"curies":[{"name":"wp","href":"https:\/\/api.w.org\/{rel}","templated":true}]}}