{"id":15,"date":"2018-11-28T18:00:33","date_gmt":"2018-11-28T18:00:33","guid":{"rendered":"http:\/\/pzv-web.de\/?page_id=15"},"modified":"2024-01-12T14:21:14","modified_gmt":"2024-01-12T14:21:14","slug":"datenschutzerklaerung","status":"publish","type":"page","link":"https:\/\/pzv-web.de\/?page_id=15","title":{"rendered":"Datenschutzerkl\u00e4rung"},"content":{"rendered":"<p><em><strong>Datenschutzerkl\u00e4rung:<\/strong><\/em><\/p>\n<p>Im nachfolgenden informieren wir Sie dar\u00fcber, welche personenbezogenen Daten wir als Partyzeltverleih und Dienstleister bei Ihrem Besuch erfassen und nutzen.<\/p>\n<p><em><strong>Datenerfassung<\/strong><\/em><\/p>\n<p>Beim Besuch unserer Webseite werden in der Regel keine personenbezogenen Daten von Ihnen erhoben.<\/p>\n<p><em><strong>Erhebung, Verarbeitung und Nutzung von personenbezogenen Daten<\/strong><\/em><\/p>\n<p>Wir erheben, verarbeiten und nutzen personenbezogene Daten nur dann, wenn Sie diese freiwillig bei Ihrem Besuch auf unserer Webseite angeben.<br \/>\nDies kann beispielsweise \u00fcber unser Kontaktformular erfolgen um Ihnen ein aussagef\u00e4higes Angebot zu unterbreiten.<br \/>\nPersonenbezogene Daten sind dabei Informationen, die dazu verwendet werden k\u00f6nnen, Ihnen ein Angebot zu erstellen.<\/p>\n<p>Darunter fallen Informationen wie:<br \/>\nName<br \/>\nAdresse<br \/>\nE-Mail<br \/>\nTelefonnummer<\/p>\n<p>Die Verarbeitung und Nutzung der Daten erfolgt nur f\u00fcr die Bearbeitung Ihrer Anfrage. Eine Verarbeitung und Nutzung f\u00fcr andere Zwecke wie Weitergabe oder Verkauf an Dritte erfolgt nicht.<br \/>\nWir weisen darauf hin, dass die Daten\u00fcbertragung im Internet ( z.B. bei der Kommunikation per E-Mail ) Sicherheitsl\u00fccken aufweisen kann. Ein l\u00fcckenloser Schutz der Daten vor dem Zugriff durch Dritte ist nicht m\u00f6glich.<\/p>\n<p><strong><em>Speicherung von Daten<\/em><\/strong><\/p>\n<p>Die von uns erhobenen Daten, werden nur f\u00fcr den jeweiligen Zweck gespeichert und nur f\u00fcr die Dauer der Bearbeitung Ihrer Anfrage aufbewahrt.<\/p>\n<p><strong><em>Cookies<\/em><\/strong><\/p>\n<p>Die Internetseiten verwenden teilweise so genannte Cookies. Cookies richten auf Ihrem Rechner keinen Schaden an und enthalten keine Viren. Cookies dienen dazu, das Angebot benutzerfreundlicher, effektiver und sicherer zu machen. Cookies sind kleine Textdateien, die auf Ihrem Rechner abgelegt werden und die Ihr Browser speichert.<\/p>\n<p>Die meisten verwendeten Cookies werden nach Ende Ihres Besuchs automatisch gel\u00f6scht. Andere Cookies bleiben auf Ihrem Endger\u00e4t gespeichert bis Sie diese l\u00f6schen. Cookies erm\u00f6glichen es, Ihren Browser beim n\u00e4chsten Besuch wieder zuerkennen.<\/p>\n<p>Sie k\u00f6nnen Ihren Browser so einstellen, dass Sie \u00fcber das Setzen von Cookies informiert werden und Cookies nur im Einzelfall erlauben, die Annahme von Cookies f\u00fcr bestimmte F\u00e4lle oder generell ausschlie\u00dfen sowie das automatische L\u00f6schen der Cookies beim Schlie\u00dfen des Browser aktivieren. Bei der Deaktivierung von Cookies kann die Funktionalit\u00e4t dieser Website eingeschr\u00e4nkt sein.<\/p>\n<p><strong><em>Server-Log-Dateien<\/em><\/strong><\/p>\n<p>Der Provider der Seiten erhebt und speichert automatisch Informationen in so genannten Server-Log-Dateien, die Ihr Browser automatisch \u00fcbermittelt. Dies sind:<\/p>\n<p>Browsertyp und Browserversion<br \/>\nverwendetes Betriebssystem<br \/>\nReferrer URL<br \/>\nHostname des zugreifenden Rechners<br \/>\nUhrzeit der Serveranfrage<br \/>\nIP-Adresse<br \/>\nEine Zusammenf\u00fchrung dieser Daten mit anderen Datenquellen wird nicht vorgenommen.<\/p>\n<p>Die Erfassung dieser Daten erfolgt auf Grundlage von Art. 6 Abs. 1 lit. f DSGVO. Der Websitebetreiber hat ein berechtigtes Interesse an der technisch fehlerfreien Darstellung und der Optimierung seiner Website \u2013 hierzu m\u00fcssen die Server-Log-Files erfasst werden.<\/p>\n<p><strong><em>Fragen und Kontakt<\/em><\/strong><\/p>\n<p>Sollen Sie weitere Fragen zu diesem Thema an uns haben bitte \u00fcber die im Impressum angegebenen Adresse uns kontaktieren.<\/p>\n<p>Martin Schulze, Partyzeltverleih in Brieselang, Stand 01.01.2024<\/p>\n","protected":false},"excerpt":{"rendered":"<p>Datenschutzerkl\u00e4rung: Im nachfolgenden informieren wir Sie dar\u00fcber, welche personenbezogenen Daten wir als Partyzeltverleih und Dienstleister bei Ihrem Besuch erfassen und nutzen. Datenerfassung Beim Besuch unserer Webseite werden in der Regel keine personenbezogenen Daten von Ihnen erhoben. Erhebung, Verarbeitung und Nutzung von personenbezogenen Daten Wir erheben, verarbeiten und nutzen personenbezogene Daten nur dann, wenn Sie diese &hellip; <\/p>\n<p class=\"link-more\"><a href=\"https:\/\/pzv-web.de\/?page_id=15\" class=\"more-link\"><span class=\"screen-reader-text\">&#8222;Datenschutzerkl\u00e4rung&#8220;<\/span> weiterlesen<\/a><\/p>\n","protected":false},"author":1,"featured_media":0,"parent":0,"menu_order":0,"comment_status":"closed","ping_status":"closed","template":"","meta":{"footnotes":""},"_links":{"self":[{"href":"https:\/\/pzv-web.de\/index.php?rest_route=\/wp\/v2\/pages\/15"}],"collection":[{"href":"https:\/\/pzv-web.de\/index.php?rest_route=\/wp\/v2\/pages"}],"about":[{"href":"https:\/\/pzv-web.de\/index.php?rest_route=\/wp\/v2\/types\/page"}],"author":[{"embeddable":true,"href":"https:\/\/pzv-web.de\/index.php?rest_route=\/wp\/v2\/users\/1"}],"replies":[{"embeddable":true,"href":"https:\/\/pzv-web.de\/index.php?rest_route=%2Fwp%2Fv2%2Fcomments&post=15"}],"version-history":[{"count":6,"href":"https:\/\/pzv-web.de\/index.php?rest_route=\/wp\/v2\/pages\/15\/revisions"}],"predecessor-version":[{"id":166,"href":"https:\/\/pzv-web.de\/index.php?rest_route=\/wp\/v2\/pages\/15\/revisions\/166"}],"wp:attachment":[{"href":"https:\/\/pzv-web.de\/index.php?rest_route=%2Fwp%2Fv2%2Fmedia&parent=15"}],"curies":[{"name":"wp","href":"https:\/\/api.w.org\/{rel}","templated":true}]}}